{"id":225,"date":"2026-03-10T16:32:01","date_gmt":"2026-03-10T15:32:01","guid":{"rendered":"http:\/\/192.168.30.25\/?page_id=225"},"modified":"2026-03-10T16:34:34","modified_gmt":"2026-03-10T15:34:34","slug":"preise","status":"publish","type":"page","link":"https:\/\/test.denisp.de\/index.php\/preise\/","title":{"rendered":"Preise"},"content":{"rendered":"\n\n\n<div id=\"wp-block-themeisle-blocks-advanced-columns-a2946a77\" class=\"wp-block-themeisle-blocks-advanced-columns alignfull has-2-columns has-desktop-oneTwo-layout has-tablet-equal-layout has-mobile-collapsedRows-layout has-vertical-center ticss-a2946a77 has-dark-bg\"><div class=\"wp-block-themeisle-blocks-advanced-columns-overlay\"><\/div><div class=\"innerblocks-wrap\">\n<div id=\"wp-block-themeisle-blocks-advanced-column-bbddf55b\" class=\"wp-block-themeisle-blocks-advanced-column\"><div class=\"wp-block-image\">\n<figure class=\"aligncenter size-full\"><img decoding=\"async\" src=\"https:\/\/api.themeisle.com\/sites\/images\/cb:otter\/q:auto\/wp-content\/uploads\/sites\/664\/2022\/09\/image-from-rawpixel-id-1054569-jpeg-1.png\" alt=\"\" class=\"wp-image-245\"\/><\/figure>\n<\/div><\/div>\n\n\n\n<div id=\"wp-block-themeisle-blocks-advanced-column-92b2db05\" class=\"wp-block-themeisle-blocks-advanced-column\">\n<h2 id=\"wp-block-themeisle-blocks-advanced-heading-8f1f2647\" class=\"wp-block-themeisle-blocks-advanced-heading wp-block-themeisle-blocks-advanced-heading-8f1f2647\">Krankenpflegepreise<\/h2>\n\n\n\n<p class=\"has-white-color has-text-color\">Meine telefonische Erstberatung ist f\u00fcr Sie&nbsp;<strong>kostenfrei.&nbsp;<\/strong>Wenn Sie mich weiter beauftragen wollen, erfolgt das pers\u00f6nliche Kennenlerngespr\u00e4ch bei Ihnen Zuhause (Pflegeplanung).<\/p>\n\n\n\n<hr class=\"wp-block-separator has-alpha-channel-opacity\"\/>\n\n\n\n<p><em><strong>Festpreis von 99,50 \u20ac + Fahrtkosten<\/strong>&nbsp;<\/em><\/p>\n\n\n\n<hr class=\"wp-block-separator has-alpha-channel-opacity\"\/>\n\n\n\n<p class=\"has-white-color has-text-color\">Sie wollen mich dann weiter berechtigen, so mache ich Ihnen mein Angebot. Vieles ist individuell zusammenstellbar oder w\u00e4ren als Paketpreis oft g\u00fcnstiger f\u00fcr Sie.\u00a0<\/p>\n\n\n\n<hr class=\"wp-block-separator has-alpha-channel-opacity\"\/>\n\n\n\n<p class=\"has-white-color has-text-color\">PKW bis max. 50 km laut Routenplaner hin und zur\u00fcck zu 0,80 \u20ac \/ km.&nbsp;<\/p>\n\n\n\n<p class=\"has-white-color has-text-color\">Gr\u00f6\u00dfer als 50 km nur auf Anfrage.<\/p>\n<\/div>\n<\/div><\/div>\n\n\n\n<div id=\"wp-block-themeisle-blocks-advanced-columns-dac31a5f\" class=\"wp-block-themeisle-blocks-advanced-columns alignfull has-2-columns has-desktop-oneTwo-layout has-tablet-equal-layout has-mobile-collapsedRows-layout has-vertical-center ticss-a2946a77 has-dark-bg\"><div class=\"wp-block-themeisle-blocks-advanced-columns-overlay\"><\/div><div class=\"innerblocks-wrap\">\n<div id=\"wp-block-themeisle-blocks-advanced-column-2efb4e69\" class=\"wp-block-themeisle-blocks-advanced-column\"><div class=\"wp-block-image\">\n<figure class=\"aligncenter size-full\"><img decoding=\"async\" src=\"https:\/\/api.themeisle.com\/sites\/images\/cb:otter\/q:auto\/wp-content\/uploads\/sites\/664\/2022\/09\/image-from-rawpixel-id-1054569-jpeg-1.png\" alt=\"\" class=\"wp-image-245\"\/><\/figure>\n<\/div><\/div>\n\n\n\n<div id=\"wp-block-themeisle-blocks-advanced-column-ee5cd979\" class=\"wp-block-themeisle-blocks-advanced-column\">\n<h2 id=\"wp-block-themeisle-blocks-advanced-heading-8ae36ed5\" class=\"wp-block-themeisle-blocks-advanced-heading wp-block-themeisle-blocks-advanced-heading-8ae36ed5\"><strong>Kranken\/Gesundheitspflegekosten<\/strong><\/h2>\n\n\n\n<ul class=\"wp-block-list\"><\/ul>\n\n\n\n<p class=\"has-white-color has-text-color\">Vieles ist individuell zusammenstellbar oder w\u00e4ren als Paket oft g\u00fcnstiger f\u00fcr Sie.\u00a0<a href=\"javascript:;\"><\/a><\/p>\n\n\n\n<p>Meine telefonische Erstberatung ist f\u00fcr Sie&nbsp;<strong>kostenfrei.&nbsp;<\/strong>Wenn Sie mich weiter beauftragen wollen, erfolgt das pers\u00f6nliche Kennenlerngespr\u00e4ch bei Ihnen Zuhause (Pflegeplanung).<\/p>\n\n\n\n<hr class=\"wp-block-separator has-alpha-channel-opacity\"\/>\n\n\n\n<p><em><strong>Festpreis von 99,50 \u20ac + Fahrtkosten<\/strong>&nbsp;<\/em><\/p>\n\n\n\n<hr class=\"wp-block-separator has-alpha-channel-opacity\"\/>\n\n\n\n<p>Sie wollen mich dann weiter berechtigen, so mache ich Ihnen mein Angebot. Vieles ist individuell zusammenstellbar oder w\u00e4ren als Paketpreis oft g\u00fcnstiger f\u00fcr Sie.&nbsp;<\/p>\n\n\n\n<hr class=\"wp-block-separator has-alpha-channel-opacity\"\/>\n\n\n\n<p class=\"has-white-color has-text-color\">PKW bis max. 50 km laut Routenplaner hin und zur\u00fcck zu 0,80 \u20ac \/ km.&nbsp;<\/p>\n\n\n\n<p class=\"has-white-color has-text-color\">Gr\u00f6\u00dfer als 50 km nur auf Anfrage.<\/p>\n\n\n\n<div class=\"wp-block-buttons is-layout-flex wp-block-buttons-is-layout-flex\">\n<div class=\"wp-block-button is-style-primary\"><a class=\"wp-block-button__link wp-element-button\">Rundum sorglos Paketpreise<\/a><\/div>\n<\/div>\n<\/div>\n<\/div><\/div>\n\n\n\n<div id=\"wp-block-themeisle-blocks-advanced-columns-9e3ef8db\" class=\"wp-block-themeisle-blocks-advanced-columns alignfull has-2-columns has-desktop-oneTwo-layout has-tablet-equal-layout has-mobile-collapsedRows-layout has-vertical-center ticss-a2946a77 has-dark-bg\"><div class=\"wp-block-themeisle-blocks-advanced-columns-overlay\"><\/div><div class=\"innerblocks-wrap\">\n<div id=\"wp-block-themeisle-blocks-advanced-column-2e0c50ed\" class=\"wp-block-themeisle-blocks-advanced-column\"><div class=\"wp-block-image\">\n<figure class=\"aligncenter size-full\"><img decoding=\"async\" src=\"https:\/\/api.themeisle.com\/sites\/images\/cb:otter\/q:auto\/wp-content\/uploads\/sites\/664\/2022\/09\/image-from-rawpixel-id-1054569-jpeg-1.png\" alt=\"\" class=\"wp-image-245\"\/><\/figure>\n<\/div><\/div>\n\n\n\n<div id=\"wp-block-themeisle-blocks-advanced-column-10878fd8\" class=\"wp-block-themeisle-blocks-advanced-column\">\n<h2 id=\"wp-block-themeisle-blocks-advanced-heading-4d1c47a6\" class=\"wp-block-themeisle-blocks-advanced-heading wp-block-themeisle-blocks-advanced-heading-4d1c47a6\"><strong>Schmerztherapie<\/strong><\/h2>\n\n\n\n<p>Pers\u00f6nliche Anwesenheit oder telefonisch\/schriftliche Planung muss im Vorfeld abgekl\u00e4rt werden.<\/p>\n\n\n\n<hr class=\"wp-block-separator has-alpha-channel-opacity\"\/>\n\n\n\n<p class=\"has-white-color has-text-color\"><strong>Festpreis je Stufe :\u00a0<\/strong>\u00a0Preis auf Anfrage<\/p>\n\n\n\n<p>je angefangene 15 min\u00a0<strong>+ ggf. Fahrtkosten<\/strong><\/p>\n\n\n\n<hr class=\"wp-block-separator has-alpha-channel-opacity\"\/>\n\n\n\n<p class=\"has-white-color has-text-color\">PKW bis max. 50 km laut Routenplaner hin und zur\u00fcck zu 0,80 \u20ac \/ km.&nbsp;<\/p>\n\n\n\n<p class=\"has-white-color has-text-color\">Gr\u00f6\u00dfer als 50 km nur auf Anfrage.<\/p>\n<\/div>\n<\/div><\/div>\n\n\n\n<div id=\"wp-block-themeisle-blocks-advanced-columns-7499fa66\" class=\"wp-block-themeisle-blocks-advanced-columns alignfull has-2-columns has-desktop-oneTwo-layout has-tablet-equal-layout has-mobile-collapsedRows-layout has-vertical-center ticss-a2946a77 has-dark-bg\"><div class=\"wp-block-themeisle-blocks-advanced-columns-overlay\"><\/div><div class=\"innerblocks-wrap\">\n<div id=\"wp-block-themeisle-blocks-advanced-column-294491e8\" class=\"wp-block-themeisle-blocks-advanced-column\"><div class=\"wp-block-image\">\n<figure class=\"aligncenter size-full\"><img decoding=\"async\" src=\"https:\/\/api.themeisle.com\/sites\/images\/cb:otter\/q:auto\/wp-content\/uploads\/sites\/664\/2022\/09\/image-from-rawpixel-id-1054569-jpeg-1.png\" alt=\"\" class=\"wp-image-245\"\/><\/figure>\n<\/div><\/div>\n\n\n\n<div id=\"wp-block-themeisle-blocks-advanced-column-bc9ecec1\" class=\"wp-block-themeisle-blocks-advanced-column\">\n<h2 id=\"wp-block-themeisle-blocks-advanced-heading-070da7a3\" class=\"wp-block-themeisle-blocks-advanced-heading wp-block-themeisle-blocks-advanced-heading-070da7a3\"><strong>Verfahrenspflegekosten<\/strong><\/h2>\n\n\n\n<p>Informiere Sie \u00fcber Betreuungs- oder Unterbringungsma\u00dfnahmen\/Verfahren.<\/p>\n\n\n\n<p>Bei freiheitsentziehende Ma\u00dfnahmen=FeM (Bettgitter, Vorsatztisch&#8230;) im h\u00e4uslichen Bereich,\u00a0 berate ich Sie gerne \u00fcber zeitgem\u00e4\u00dfe Alternativen.<\/p>\n\n\n\n<hr class=\"wp-block-separator has-alpha-channel-opacity\"\/>\n\n\n\n<p class=\"has-white-color has-text-color\"><strong>Bedarfsermittlung+<\/strong>&nbsp;<strong>Beratung+Begleitung<\/strong>&nbsp;&nbsp;&nbsp;&nbsp;&nbsp;&nbsp;&nbsp;&nbsp;&nbsp;&nbsp;&nbsp;&nbsp;&nbsp;&nbsp;&nbsp;&nbsp;&nbsp;&nbsp;<\/p>\n\n\n\n<p class=\"has-white-color has-text-color\">\u00a0 je angefangene 15 Minuten\u00a0<\/p>\n\n\n\n<hr class=\"wp-block-separator has-alpha-channel-opacity\"\/>\n\n\n\n<p class=\"has-white-color has-text-color\">Achtung: Keine Rechtsberatung! \u00a0 \u00a0 \u00a0 \u00a0 \u00a0 \u00a0<\/p>\n<\/div>\n<\/div><\/div>\n\n\n\n<div id=\"wp-block-themeisle-blocks-advanced-columns-9693f9ee\" class=\"wp-block-themeisle-blocks-advanced-columns alignfull has-2-columns has-desktop-oneTwo-layout has-tablet-equal-layout has-mobile-collapsedRows-layout has-vertical-center ticss-a2946a77 has-dark-bg\"><div class=\"wp-block-themeisle-blocks-advanced-columns-overlay\"><\/div><div class=\"innerblocks-wrap\">\n<div id=\"wp-block-themeisle-blocks-advanced-column-7ac3e07e\" class=\"wp-block-themeisle-blocks-advanced-column\"><div class=\"wp-block-image\">\n<figure class=\"aligncenter size-full\"><img decoding=\"async\" src=\"https:\/\/api.themeisle.com\/sites\/images\/cb:otter\/q:auto\/wp-content\/uploads\/sites\/664\/2022\/09\/image-from-rawpixel-id-1054569-jpeg-1.png\" alt=\"\" class=\"wp-image-245\"\/><\/figure>\n<\/div><\/div>\n\n\n\n<div id=\"wp-block-themeisle-blocks-advanced-column-b069c2f5\" class=\"wp-block-themeisle-blocks-advanced-column\">\n<h2 id=\"wp-block-themeisle-blocks-advanced-heading-2d047903\" class=\"wp-block-themeisle-blocks-advanced-heading wp-block-themeisle-blocks-advanced-heading-2d047903\"><strong><strong>Betreuungsverf\u00fcgung, Behinderung, Pflegegrad<\/strong><\/strong><\/h2>\n\n\n\n<p>Beratungsleistung:<\/p>\n\n\n\n<p>Preise auf Anfrage je angefangene 15 Minuten<\/p>\n\n\n\n<hr class=\"wp-block-separator has-alpha-channel-opacity\"\/>\n\n\n\n<p>Hilfestellung bei Formularen\/Antr\u00e4ge je<\/p>\n\n\n\n<ul class=\"wp-block-list\">\n<li>\u00a0Pflegefall\u00a0<\/li>\n\n\n\n<li>\u00a0Pflegegrad\u00a0<\/li>\n\n\n\n<li>\u00a0Schwerbehinderung\u00a0<\/li>\n\n\n\n<li>\u00a0Patientenverf\u00fcgung\u00a0\u00a0<\/li>\n\n\n\n<li>\u00a0Betreuungsverf\u00fcgung\u00a0 \u00a0\u00a0<\/li>\n\n\n\n<li>\u00a0Hilfsmittel\u00a0<\/li>\n\n\n\n<li>\u00a0Umbauma\u00dfnahmen im h\u00e4uslichen Bereich\u00a0\u00a0<\/li>\n<\/ul>\n\n\n\n<hr class=\"wp-block-separator has-alpha-channel-opacity\"\/>\n\n\n\n<p class=\"has-white-color has-text-color\">Achtung: Keine Rechtsberatung! \u00a0 \u00a0 \u00a0 \u00a0 \u00a0 \u00a0<\/p>\n<\/div>\n<\/div><\/div>\n","protected":false},"excerpt":{"rendered":"","protected":false},"author":1,"featured_media":0,"parent":0,"menu_order":0,"comment_status":"closed","ping_status":"closed","template":"","meta":{"_uag_custom_page_level_css":"","_themeisle_gutenberg_block_has_review":false,"footnotes":""},"class_list":["post-225","page","type-page","status-publish","hentry"],"uagb_featured_image_src":{"full":false,"thumbnail":false,"medium":false,"medium_large":false,"large":false,"1536x1536":false,"2048x2048":false,"hestia-blog":false},"uagb_author_info":{"display_name":"denis","author_link":"https:\/\/test.denisp.de\/index.php\/author\/denis\/"},"uagb_comment_info":0,"uagb_excerpt":null,"_links":{"self":[{"href":"https:\/\/test.denisp.de\/index.php\/wp-json\/wp\/v2\/pages\/225","targetHints":{"allow":["GET"]}}],"collection":[{"href":"https:\/\/test.denisp.de\/index.php\/wp-json\/wp\/v2\/pages"}],"about":[{"href":"https:\/\/test.denisp.de\/index.php\/wp-json\/wp\/v2\/types\/page"}],"author":[{"embeddable":true,"href":"https:\/\/test.denisp.de\/index.php\/wp-json\/wp\/v2\/users\/1"}],"replies":[{"embeddable":true,"href":"https:\/\/test.denisp.de\/index.php\/wp-json\/wp\/v2\/comments?post=225"}],"version-history":[{"count":4,"href":"https:\/\/test.denisp.de\/index.php\/wp-json\/wp\/v2\/pages\/225\/revisions"}],"predecessor-version":[{"id":230,"href":"https:\/\/test.denisp.de\/index.php\/wp-json\/wp\/v2\/pages\/225\/revisions\/230"}],"wp:attachment":[{"href":"https:\/\/test.denisp.de\/index.php\/wp-json\/wp\/v2\/media?parent=225"}],"curies":[{"name":"wp","href":"https:\/\/api.w.org\/{rel}","templated":true}]}}